{"id":8378,"date":"2023-11-24T10:28:30","date_gmt":"2023-11-24T09:28:30","guid":{"rendered":"http:\/\/genuit.it\/prodotti\/uncategorized\/box-5\/"},"modified":"2026-04-01T10:27:32","modified_gmt":"2026-04-01T08:27:32","slug":"box-5-switch-box","status":"publish","type":"product","link":"https:\/\/genuit.it\/en\/product\/box-5-switch-box\/","title":{"rendered":"Box 5"},"content":{"rendered":"<p>Genuit\u2019s Box 5, Switch box for electrical system, is a key element of the modular system for visible electrical systems, characterized by an industrial design that adapts to both modern and historical contexts. Made of die-cast aluminium, the Box 5 is available in different finishes: Copper, Corten, Graphite and Silver. These finishes allow to customize the installation according to the aesthetic needs of the project, while ensuring durability and resistance.<\/p>\n<p>One of the main features of Box 5 is its compatibility with VIMAR\u2019s Eikon Evo and Ark\u00e9 modules, allowing the integration of electrical sockets and home automation devices in a simple and functional way. This makes it ideal for those who want to combine modern technologies with a refined aesthetic. The polypropylene adapters included in the design facilitate assembly, making Box 5 a practical option for professionals and do-it-yourself enthusiasts.<\/p>\n<p>The Box 5 is not just a functional container, but a design element that enhances any environment in which it is installed. Its ability to accommodate various electrical components makes it extremely versatile, allowing you to create custom configurations to meet the specific needs of each project. Whether it\u2019s an industrial loft, a historic residence or a modern office, Box 5 integrates seamlessly, adding a touch of elegance and functionality.<\/p>\n<p>The entire Genuit system, of which Box 5, Switch box for electrical system, is an integral part, reflects the company\u2019s commitment to quality and innovation. Genuit stands out for its entirely Made in Italy production, with particular attention to the selection of materials and the collaboration with local suppliers. This approach guarantees high quality, durable and sustainable products, in line with the tradition of Italian design.<\/p>\n","protected":false},"excerpt":{"rendered":"<p>Genuit\u2019s Box 5, Switch box for electrical system, is a key element of the modular system for visible electrical systems, characterized by an industrial design that adapts to both modern and historical contexts. Made of die-cast aluminium, the Box 5 is available in different finishes: Copper, Corten, Graphite and Silver. These finishes allow to customize [&hellip;]<\/p>\n","protected":false},"featured_media":4922,"template":"","meta":{"_acf_changed":false,"inline_featured_image":false},"product_brand":[],"product_cat":[90],"product_tag":[639,641,642,643,644,645,646,647,640,648,649,650,651,652,653,654,655,656],"class_list":{"0":"post-8378","1":"product","2":"type-product","3":"status-publish","4":"has-post-thumbnail","6":"product_cat-modules","7":"product_tag-box-cassetta-interruttori-impianto-fuori-traccia-en","8":"product_tag-impianto-di-cablaggio-a-superficie-en","9":"product_tag-impianto-elettrico-e-luminoso-fuori-traccia-en","10":"product_tag-impianto-elettrico-esterno-en","11":"product_tag-impianto-elettrico-fuori-traccia-en","12":"product_tag-impianto-elettrico-stile-industriale-en","13":"product_tag-impianto-elettrico-su-superficie-en","14":"product_tag-impianto-elettrico-vintage-en","15":"product_tag-impianto-fuori-traccia-per-esterno-en","16":"product_tag-sistema-di-cablaggio-a-superficie-en","17":"product_tag-sistema-elettrico-a-vista-en","18":"product_tag-sistema-elettrico-a-vista-rame-sistema-elettrico-e-luminoso-fuori-traccia-en","19":"product_tag-sistema-elettrico-esterno-en","20":"product_tag-sistema-elettrico-fuori-traccia-en","21":"product_tag-sistema-elettrico-stile-industrial-en","22":"product_tag-sistema-elettrico-stile-industriale-en","23":"product_tag-sistema-elettrico-su-superficie-en","24":"product_tag-sistema-elettrico-vintage-en","26":"first","27":"instock","28":"shipping-taxable","29":"product-type-variable"},"acf":[],"yoast_head":"<!-- This site is optimized with the Yoast SEO plugin v26.8 - https:\/\/yoast.com\/product\/yoast-seo-wordpress\/ -->\n<title>Box 5 &#8212; Genuit switch box for visible electrical system<\/title>\n<meta name=\"description\" content=\"Box 5 is an industrial switch box designed to easily manage your electrical system at sight, ensuring aesthetics and functionality\" \/>\n<meta name=\"robots\" content=\"index, follow, max-snippet:-1, max-image-preview:large, max-video-preview:-1\" \/>\n<link rel=\"canonical\" href=\"https:\/\/genuit.it\/en\/product\/box-5-switch-box\/\" \/>\n<meta property=\"og:locale\" content=\"en_US\" \/>\n<meta property=\"og:type\" content=\"article\" \/>\n<meta property=\"og:title\" content=\"Box 5 &#8212; Genuit switch box for visible electrical system\" \/>\n<meta property=\"og:description\" content=\"Box 5 is an industrial switch box designed to easily manage your electrical system at sight, ensuring aesthetics and functionality\" \/>\n<meta property=\"og:url\" content=\"https:\/\/genuit.it\/en\/product\/box-5-switch-box\/\" \/>\n<meta property=\"og:site_name\" content=\"Genuit\" \/>\n<meta property=\"article:modified_time\" content=\"2026-04-01T08:27:32+00:00\" \/>\n<meta property=\"og:image\" content=\"http:\/\/genuit.it\/wp-content\/uploads\/2024\/02\/STILL-LIFE-WALLBOX-5-SILVER-2.png\" \/>\n\t<meta property=\"og:image:width\" content=\"2560\" \/>\n\t<meta property=\"og:image:height\" content=\"2560\" \/>\n\t<meta property=\"og:image:type\" content=\"image\/png\" \/>\n<meta name=\"twitter:card\" content=\"summary_large_image\" \/>\n<meta name=\"twitter:label1\" content=\"Est. reading time\" \/>\n\t<meta name=\"twitter:data1\" content=\"2 minutes\" \/>\n<script type=\"application\/ld+json\" class=\"yoast-schema-graph\">{\"@context\":\"https:\/\/schema.org\",\"@graph\":[{\"@type\":\"WebPage\",\"@id\":\"https:\/\/genuit.it\/en\/product\/box-5-switch-box\/\",\"url\":\"https:\/\/genuit.it\/en\/product\/box-5-switch-box\/\",\"name\":\"Box 5 &#8212; Genuit switch box for visible electrical system\",\"isPartOf\":{\"@id\":\"https:\/\/genuit.it\/en\/#website\"},\"primaryImageOfPage\":{\"@id\":\"https:\/\/genuit.it\/en\/product\/box-5-switch-box\/#primaryimage\"},\"image\":{\"@id\":\"https:\/\/genuit.it\/en\/product\/box-5-switch-box\/#primaryimage\"},\"thumbnailUrl\":\"https:\/\/genuit.it\/wp-content\/uploads\/2024\/02\/STILL-LIFE-WALLBOX-5-SILVER-2.png\",\"datePublished\":\"2023-11-24T09:28:30+00:00\",\"dateModified\":\"2026-04-01T08:27:32+00:00\",\"description\":\"Box 5 is an industrial switch box designed to easily manage your electrical system at sight, ensuring aesthetics and functionality\",\"breadcrumb\":{\"@id\":\"https:\/\/genuit.it\/en\/product\/box-5-switch-box\/#breadcrumb\"},\"inLanguage\":\"en-US\",\"potentialAction\":[{\"@type\":\"ReadAction\",\"target\":[\"https:\/\/genuit.it\/en\/product\/box-5-switch-box\/\"]}]},{\"@type\":\"ImageObject\",\"inLanguage\":\"en-US\",\"@id\":\"https:\/\/genuit.it\/en\/product\/box-5-switch-box\/#primaryimage\",\"url\":\"https:\/\/genuit.it\/wp-content\/uploads\/2024\/02\/STILL-LIFE-WALLBOX-5-SILVER-2.png\",\"contentUrl\":\"https:\/\/genuit.it\/wp-content\/uploads\/2024\/02\/STILL-LIFE-WALLBOX-5-SILVER-2.png\",\"width\":2560,\"height\":2560,\"caption\":\"Box 5 \u00e8 una cassetta interruttori dallo industrial pensata per gestire con facilit\u00e0 il tuo impianto elettrico a vista garantendo estetica e funzionalit\u00e0\"},{\"@type\":\"BreadcrumbList\",\"@id\":\"https:\/\/genuit.it\/en\/product\/box-5-switch-box\/#breadcrumb\",\"itemListElement\":[{\"@type\":\"ListItem\",\"position\":1,\"name\":\"Home\",\"item\":\"https:\/\/genuit.it\/en\/\"},{\"@type\":\"ListItem\",\"position\":2,\"name\":\"Products\",\"item\":\"https:\/\/genuit.it\/en\/products\/\"},{\"@type\":\"ListItem\",\"position\":3,\"name\":\"Box 5\"}]},{\"@type\":\"WebSite\",\"@id\":\"https:\/\/genuit.it\/en\/#website\",\"url\":\"https:\/\/genuit.it\/en\/\",\"name\":\"Genuit\",\"description\":\"Impianti elettrici completi a vista: design e qualit\u00e0 eccezionale\",\"publisher\":{\"@id\":\"https:\/\/genuit.it\/en\/#organization\"},\"alternateName\":\"Genuit Srl\",\"potentialAction\":[{\"@type\":\"SearchAction\",\"target\":{\"@type\":\"EntryPoint\",\"urlTemplate\":\"https:\/\/genuit.it\/en\/?s={search_term_string}\"},\"query-input\":{\"@type\":\"PropertyValueSpecification\",\"valueRequired\":true,\"valueName\":\"search_term_string\"}}],\"inLanguage\":\"en-US\"},{\"@type\":\"Organization\",\"@id\":\"https:\/\/genuit.it\/en\/#organization\",\"name\":\"Genuit\",\"alternateName\":\"Genuit Srl\",\"url\":\"https:\/\/genuit.it\/en\/\",\"logo\":{\"@type\":\"ImageObject\",\"inLanguage\":\"en-US\",\"@id\":\"https:\/\/genuit.it\/en\/#\/schema\/logo\/image\/\",\"url\":\"https:\/\/genuit.it\/wp-content\/uploads\/2023\/10\/genD.svg\",\"contentUrl\":\"https:\/\/genuit.it\/wp-content\/uploads\/2023\/10\/genD.svg\",\"width\":1842,\"height\":413,\"caption\":\"Genuit\"},\"image\":{\"@id\":\"https:\/\/genuit.it\/en\/#\/schema\/logo\/image\/\"},\"sameAs\":[\"https:\/\/www.instagram.com\/genuit_\/\",\"https:\/\/www.linkedin.com\/company\/genuit-srl\/\"]}]}<\/script>\n<!-- \/ Yoast SEO plugin. -->","yoast_head_json":{"title":"Box 5 &#8212; Genuit switch box for visible electrical system","description":"Box 5 is an industrial switch box designed to easily manage your electrical system at sight, ensuring aesthetics and functionality","robots":{"index":"index","follow":"follow","max-snippet":"max-snippet:-1","max-image-preview":"max-image-preview:large","max-video-preview":"max-video-preview:-1"},"canonical":"https:\/\/genuit.it\/en\/product\/box-5-switch-box\/","og_locale":"en_US","og_type":"article","og_title":"Box 5 &#8212; Genuit switch box for visible electrical system","og_description":"Box 5 is an industrial switch box designed to easily manage your electrical system at sight, ensuring aesthetics and functionality","og_url":"https:\/\/genuit.it\/en\/product\/box-5-switch-box\/","og_site_name":"Genuit","article_modified_time":"2026-04-01T08:27:32+00:00","og_image":[{"width":2560,"height":2560,"url":"http:\/\/genuit.it\/wp-content\/uploads\/2024\/02\/STILL-LIFE-WALLBOX-5-SILVER-2.png","type":"image\/png"}],"twitter_card":"summary_large_image","twitter_misc":{"Est. reading time":"2 minutes"},"schema":{"@context":"https:\/\/schema.org","@graph":[{"@type":"WebPage","@id":"https:\/\/genuit.it\/en\/product\/box-5-switch-box\/","url":"https:\/\/genuit.it\/en\/product\/box-5-switch-box\/","name":"Box 5 &#8212; Genuit switch box for visible electrical system","isPartOf":{"@id":"https:\/\/genuit.it\/en\/#website"},"primaryImageOfPage":{"@id":"https:\/\/genuit.it\/en\/product\/box-5-switch-box\/#primaryimage"},"image":{"@id":"https:\/\/genuit.it\/en\/product\/box-5-switch-box\/#primaryimage"},"thumbnailUrl":"https:\/\/genuit.it\/wp-content\/uploads\/2024\/02\/STILL-LIFE-WALLBOX-5-SILVER-2.png","datePublished":"2023-11-24T09:28:30+00:00","dateModified":"2026-04-01T08:27:32+00:00","description":"Box 5 is an industrial switch box designed to easily manage your electrical system at sight, ensuring aesthetics and functionality","breadcrumb":{"@id":"https:\/\/genuit.it\/en\/product\/box-5-switch-box\/#breadcrumb"},"inLanguage":"en-US","potentialAction":[{"@type":"ReadAction","target":["https:\/\/genuit.it\/en\/product\/box-5-switch-box\/"]}]},{"@type":"ImageObject","inLanguage":"en-US","@id":"https:\/\/genuit.it\/en\/product\/box-5-switch-box\/#primaryimage","url":"https:\/\/genuit.it\/wp-content\/uploads\/2024\/02\/STILL-LIFE-WALLBOX-5-SILVER-2.png","contentUrl":"https:\/\/genuit.it\/wp-content\/uploads\/2024\/02\/STILL-LIFE-WALLBOX-5-SILVER-2.png","width":2560,"height":2560,"caption":"Box 5 \u00e8 una cassetta interruttori dallo industrial pensata per gestire con facilit\u00e0 il tuo impianto elettrico a vista garantendo estetica e funzionalit\u00e0"},{"@type":"BreadcrumbList","@id":"https:\/\/genuit.it\/en\/product\/box-5-switch-box\/#breadcrumb","itemListElement":[{"@type":"ListItem","position":1,"name":"Home","item":"https:\/\/genuit.it\/en\/"},{"@type":"ListItem","position":2,"name":"Products","item":"https:\/\/genuit.it\/en\/products\/"},{"@type":"ListItem","position":3,"name":"Box 5"}]},{"@type":"WebSite","@id":"https:\/\/genuit.it\/en\/#website","url":"https:\/\/genuit.it\/en\/","name":"Genuit","description":"Impianti elettrici completi a vista: design e qualit\u00e0 eccezionale","publisher":{"@id":"https:\/\/genuit.it\/en\/#organization"},"alternateName":"Genuit Srl","potentialAction":[{"@type":"SearchAction","target":{"@type":"EntryPoint","urlTemplate":"https:\/\/genuit.it\/en\/?s={search_term_string}"},"query-input":{"@type":"PropertyValueSpecification","valueRequired":true,"valueName":"search_term_string"}}],"inLanguage":"en-US"},{"@type":"Organization","@id":"https:\/\/genuit.it\/en\/#organization","name":"Genuit","alternateName":"Genuit Srl","url":"https:\/\/genuit.it\/en\/","logo":{"@type":"ImageObject","inLanguage":"en-US","@id":"https:\/\/genuit.it\/en\/#\/schema\/logo\/image\/","url":"https:\/\/genuit.it\/wp-content\/uploads\/2023\/10\/genD.svg","contentUrl":"https:\/\/genuit.it\/wp-content\/uploads\/2023\/10\/genD.svg","width":1842,"height":413,"caption":"Genuit"},"image":{"@id":"https:\/\/genuit.it\/en\/#\/schema\/logo\/image\/"},"sameAs":["https:\/\/www.instagram.com\/genuit_\/","https:\/\/www.linkedin.com\/company\/genuit-srl\/"]}]}},"_links":{"self":[{"href":"https:\/\/genuit.it\/en\/wp-json\/wp\/v2\/product\/8378","targetHints":{"allow":["GET"]}}],"collection":[{"href":"https:\/\/genuit.it\/en\/wp-json\/wp\/v2\/product"}],"about":[{"href":"https:\/\/genuit.it\/en\/wp-json\/wp\/v2\/types\/product"}],"wp:featuredmedia":[{"embeddable":true,"href":"https:\/\/genuit.it\/en\/wp-json\/wp\/v2\/media\/4922"}],"wp:attachment":[{"href":"https:\/\/genuit.it\/en\/wp-json\/wp\/v2\/media?parent=8378"}],"wp:term":[{"taxonomy":"product_brand","embeddable":true,"href":"https:\/\/genuit.it\/en\/wp-json\/wp\/v2\/product_brand?post=8378"},{"taxonomy":"product_cat","embeddable":true,"href":"https:\/\/genuit.it\/en\/wp-json\/wp\/v2\/product_cat?post=8378"},{"taxonomy":"product_tag","embeddable":true,"href":"https:\/\/genuit.it\/en\/wp-json\/wp\/v2\/product_tag?post=8378"}],"curies":[{"name":"wp","href":"https:\/\/api.w.org\/{rel}","templated":true}]}}