{"id":8855,"date":"2023-12-05T12:15:27","date_gmt":"2023-12-05T11:15:27","guid":{"rendered":"http:\/\/genuit.it\/prodotti\/uncategorized\/line-ribbed\/"},"modified":"2026-03-24T11:46:10","modified_gmt":"2026-03-24T10:46:10","slug":"line-ribbed-elegant-and-sophisticated-lighting","status":"publish","type":"product","link":"https:\/\/genuit.it\/en\/product\/line-ribbed-elegant-and-sophisticated-lighting\/","title":{"rendered":"Line Ribbed"},"content":{"rendered":"<p>Line Ribbed by Genuit is a distinctive lighting solution that combines elegance and functionality, designed to meet the needs of modern and contemporary environments. This lighting system is distinguished by its characteristic design with a ribbed surface, which not only adds a unique aesthetic element but also a particularly effective light diffusion quality. The sinuous lines and elegant textures of Line Ribbed create plays of light and shadow that enhance the architecture and decor of spaces, giving a sophisticated and welcoming atmosphere.<\/p>\n<p>The design of Line Ribbed has been conceived to be versatile and adaptable to a variety of contexts, from offices and commercial spaces to private homes. The striped structure is not only a decorative element, but also contributes to an even distribution of light, minimizing glare and optimizing ambient lighting. This product is made with high quality materials and employs modern technologies to ensure efficient and durable lighting, contributing to greater environmental sustainability thanks to its low energy consumption.<\/p>\n<p>Genuit, the company behind Line Ribbed, is renowned for its innovation in the lighting sector. With a strong focus on design and functionality, Genuit is committed to offering solutions that blend aesthetics with superior performance.<\/p>\n","protected":false},"excerpt":{"rendered":"<p>Line Ribbed by Genuit is a distinctive lighting solution that combines elegance and functionality, designed to meet the needs of modern and contemporary environments. This lighting system is distinguished by its characteristic design with a ribbed surface, which not only adds a unique aesthetic element but also a particularly effective light diffusion quality. The sinuous [&hellip;]<\/p>\n","protected":false},"featured_media":5381,"template":"","meta":{"_acf_changed":false,"inline_featured_image":false},"product_brand":[],"product_cat":[91],"product_tag":[902,637,641,642,643,644,645,646,647,640,648,649,650,651,652,653,654,655,656],"class_list":{"0":"post-8855","1":"product","2":"type-product","3":"status-publish","4":"has-post-thumbnail","6":"product_cat-lighting","7":"product_tag-illuminaizone-industrial","8":"product_tag-illuminazione-fuori-traccia","9":"product_tag-impianto-di-cablaggio-a-superficie-en","10":"product_tag-impianto-elettrico-e-luminoso-fuori-traccia-en","11":"product_tag-impianto-elettrico-esterno-en","12":"product_tag-impianto-elettrico-fuori-traccia-en","13":"product_tag-impianto-elettrico-stile-industriale-en","14":"product_tag-impianto-elettrico-su-superficie-en","15":"product_tag-impianto-elettrico-vintage-en","16":"product_tag-impianto-fuori-traccia-per-esterno-en","17":"product_tag-sistema-di-cablaggio-a-superficie-en","18":"product_tag-sistema-elettrico-a-vista-en","19":"product_tag-sistema-elettrico-a-vista-rame-sistema-elettrico-e-luminoso-fuori-traccia-en","20":"product_tag-sistema-elettrico-esterno-en","21":"product_tag-sistema-elettrico-fuori-traccia-en","22":"product_tag-sistema-elettrico-stile-industrial-en","23":"product_tag-sistema-elettrico-stile-industriale-en","24":"product_tag-sistema-elettrico-su-superficie-en","25":"product_tag-sistema-elettrico-vintage-en","27":"first","28":"instock","29":"shipping-taxable","30":"product-type-variable","31":"has-default-attributes"},"acf":[],"yoast_head":"<!-- This site is optimized with the Yoast SEO plugin v26.8 - https:\/\/yoast.com\/product\/yoast-seo-wordpress\/ -->\n<title>Line Ribbed &#8212; Genuit &#8212; elegant and sophisticated lighting<\/title>\n<meta name=\"description\" content=\"Line Ribbed is an elegant and sophisticated lighting solution, suitable for any environment, from the most industrial to the most classic,.\" \/>\n<meta name=\"robots\" content=\"index, follow, max-snippet:-1, max-image-preview:large, max-video-preview:-1\" \/>\n<link rel=\"canonical\" href=\"https:\/\/genuit.it\/en\/product\/line-ribbed-elegant-and-sophisticated-lighting\/\" \/>\n<meta property=\"og:locale\" content=\"en_US\" \/>\n<meta property=\"og:type\" content=\"article\" \/>\n<meta property=\"og:title\" content=\"Line Ribbed &#8212; Genuit &#8212; elegant and sophisticated lighting\" \/>\n<meta property=\"og:description\" content=\"Line Ribbed is an elegant and sophisticated lighting solution, suitable for any environment, from the most industrial to the most classic,.\" \/>\n<meta property=\"og:url\" content=\"https:\/\/genuit.it\/en\/product\/line-ribbed-elegant-and-sophisticated-lighting\/\" \/>\n<meta property=\"og:site_name\" content=\"Genuit\" \/>\n<meta property=\"article:modified_time\" content=\"2026-03-24T10:46:10+00:00\" \/>\n<meta property=\"og:image\" content=\"http:\/\/genuit.it\/wp-content\/uploads\/2024\/02\/STILL-LIFE-LINE-RIBBED-50-SILVER-1.png\" \/>\n\t<meta property=\"og:image:width\" content=\"2560\" \/>\n\t<meta property=\"og:image:height\" content=\"2560\" \/>\n\t<meta property=\"og:image:type\" content=\"image\/png\" \/>\n<meta name=\"twitter:card\" content=\"summary_large_image\" \/>\n<meta name=\"twitter:label1\" content=\"Est. reading time\" \/>\n\t<meta name=\"twitter:data1\" content=\"2 minutes\" \/>\n<script type=\"application\/ld+json\" class=\"yoast-schema-graph\">{\"@context\":\"https:\/\/schema.org\",\"@graph\":[{\"@type\":\"WebPage\",\"@id\":\"https:\/\/genuit.it\/en\/product\/line-ribbed-elegant-and-sophisticated-lighting\/\",\"url\":\"https:\/\/genuit.it\/en\/product\/line-ribbed-elegant-and-sophisticated-lighting\/\",\"name\":\"Line Ribbed &#8212; Genuit &#8212; elegant and sophisticated lighting\",\"isPartOf\":{\"@id\":\"https:\/\/genuit.it\/en\/#website\"},\"primaryImageOfPage\":{\"@id\":\"https:\/\/genuit.it\/en\/product\/line-ribbed-elegant-and-sophisticated-lighting\/#primaryimage\"},\"image\":{\"@id\":\"https:\/\/genuit.it\/en\/product\/line-ribbed-elegant-and-sophisticated-lighting\/#primaryimage\"},\"thumbnailUrl\":\"https:\/\/genuit.it\/wp-content\/uploads\/2024\/02\/STILL-LIFE-LINE-RIBBED-50-SILVER-1.png\",\"datePublished\":\"2023-12-05T11:15:27+00:00\",\"dateModified\":\"2026-03-24T10:46:10+00:00\",\"description\":\"Line Ribbed is an elegant and sophisticated lighting solution, suitable for any environment, from the most industrial to the most classic,.\",\"breadcrumb\":{\"@id\":\"https:\/\/genuit.it\/en\/product\/line-ribbed-elegant-and-sophisticated-lighting\/#breadcrumb\"},\"inLanguage\":\"en-US\",\"potentialAction\":[{\"@type\":\"ReadAction\",\"target\":[\"https:\/\/genuit.it\/en\/product\/line-ribbed-elegant-and-sophisticated-lighting\/\"]}]},{\"@type\":\"ImageObject\",\"inLanguage\":\"en-US\",\"@id\":\"https:\/\/genuit.it\/en\/product\/line-ribbed-elegant-and-sophisticated-lighting\/#primaryimage\",\"url\":\"https:\/\/genuit.it\/wp-content\/uploads\/2024\/02\/STILL-LIFE-LINE-RIBBED-50-SILVER-1.png\",\"contentUrl\":\"https:\/\/genuit.it\/wp-content\/uploads\/2024\/02\/STILL-LIFE-LINE-RIBBED-50-SILVER-1.png\",\"width\":2560,\"height\":2560,\"caption\":\"Line Ribbed \u00e8 un'illuminazione elegante e sofisticata, adatta a qualsiasi ambiente, dal pi\u00f9 industriale al pi\u00f9 classico, offrendo versatilit\u00e0 compositiva.\"},{\"@type\":\"BreadcrumbList\",\"@id\":\"https:\/\/genuit.it\/en\/product\/line-ribbed-elegant-and-sophisticated-lighting\/#breadcrumb\",\"itemListElement\":[{\"@type\":\"ListItem\",\"position\":1,\"name\":\"Home\",\"item\":\"https:\/\/genuit.it\/en\/\"},{\"@type\":\"ListItem\",\"position\":2,\"name\":\"Products\",\"item\":\"https:\/\/genuit.it\/en\/products\/\"},{\"@type\":\"ListItem\",\"position\":3,\"name\":\"Line Ribbed\"}]},{\"@type\":\"WebSite\",\"@id\":\"https:\/\/genuit.it\/en\/#website\",\"url\":\"https:\/\/genuit.it\/en\/\",\"name\":\"Genuit\",\"description\":\"Impianti elettrici completi a vista: design e qualit\u00e0 eccezionale\",\"publisher\":{\"@id\":\"https:\/\/genuit.it\/en\/#organization\"},\"alternateName\":\"Genuit Srl\",\"potentialAction\":[{\"@type\":\"SearchAction\",\"target\":{\"@type\":\"EntryPoint\",\"urlTemplate\":\"https:\/\/genuit.it\/en\/?s={search_term_string}\"},\"query-input\":{\"@type\":\"PropertyValueSpecification\",\"valueRequired\":true,\"valueName\":\"search_term_string\"}}],\"inLanguage\":\"en-US\"},{\"@type\":\"Organization\",\"@id\":\"https:\/\/genuit.it\/en\/#organization\",\"name\":\"Genuit\",\"alternateName\":\"Genuit Srl\",\"url\":\"https:\/\/genuit.it\/en\/\",\"logo\":{\"@type\":\"ImageObject\",\"inLanguage\":\"en-US\",\"@id\":\"https:\/\/genuit.it\/en\/#\/schema\/logo\/image\/\",\"url\":\"https:\/\/genuit.it\/wp-content\/uploads\/2023\/10\/genD.svg\",\"contentUrl\":\"https:\/\/genuit.it\/wp-content\/uploads\/2023\/10\/genD.svg\",\"width\":1842,\"height\":413,\"caption\":\"Genuit\"},\"image\":{\"@id\":\"https:\/\/genuit.it\/en\/#\/schema\/logo\/image\/\"},\"sameAs\":[\"https:\/\/www.instagram.com\/genuit_\/\",\"https:\/\/www.linkedin.com\/company\/genuit-srl\/\"]}]}<\/script>\n<!-- \/ Yoast SEO plugin. -->","yoast_head_json":{"title":"Line Ribbed &#8212; Genuit &#8212; elegant and sophisticated lighting","description":"Line Ribbed is an elegant and sophisticated lighting solution, suitable for any environment, from the most industrial to the most classic,.","robots":{"index":"index","follow":"follow","max-snippet":"max-snippet:-1","max-image-preview":"max-image-preview:large","max-video-preview":"max-video-preview:-1"},"canonical":"https:\/\/genuit.it\/en\/product\/line-ribbed-elegant-and-sophisticated-lighting\/","og_locale":"en_US","og_type":"article","og_title":"Line Ribbed &#8212; Genuit &#8212; elegant and sophisticated lighting","og_description":"Line Ribbed is an elegant and sophisticated lighting solution, suitable for any environment, from the most industrial to the most classic,.","og_url":"https:\/\/genuit.it\/en\/product\/line-ribbed-elegant-and-sophisticated-lighting\/","og_site_name":"Genuit","article_modified_time":"2026-03-24T10:46:10+00:00","og_image":[{"width":2560,"height":2560,"url":"http:\/\/genuit.it\/wp-content\/uploads\/2024\/02\/STILL-LIFE-LINE-RIBBED-50-SILVER-1.png","type":"image\/png"}],"twitter_card":"summary_large_image","twitter_misc":{"Est. reading time":"2 minutes"},"schema":{"@context":"https:\/\/schema.org","@graph":[{"@type":"WebPage","@id":"https:\/\/genuit.it\/en\/product\/line-ribbed-elegant-and-sophisticated-lighting\/","url":"https:\/\/genuit.it\/en\/product\/line-ribbed-elegant-and-sophisticated-lighting\/","name":"Line Ribbed &#8212; Genuit &#8212; elegant and sophisticated lighting","isPartOf":{"@id":"https:\/\/genuit.it\/en\/#website"},"primaryImageOfPage":{"@id":"https:\/\/genuit.it\/en\/product\/line-ribbed-elegant-and-sophisticated-lighting\/#primaryimage"},"image":{"@id":"https:\/\/genuit.it\/en\/product\/line-ribbed-elegant-and-sophisticated-lighting\/#primaryimage"},"thumbnailUrl":"https:\/\/genuit.it\/wp-content\/uploads\/2024\/02\/STILL-LIFE-LINE-RIBBED-50-SILVER-1.png","datePublished":"2023-12-05T11:15:27+00:00","dateModified":"2026-03-24T10:46:10+00:00","description":"Line Ribbed is an elegant and sophisticated lighting solution, suitable for any environment, from the most industrial to the most classic,.","breadcrumb":{"@id":"https:\/\/genuit.it\/en\/product\/line-ribbed-elegant-and-sophisticated-lighting\/#breadcrumb"},"inLanguage":"en-US","potentialAction":[{"@type":"ReadAction","target":["https:\/\/genuit.it\/en\/product\/line-ribbed-elegant-and-sophisticated-lighting\/"]}]},{"@type":"ImageObject","inLanguage":"en-US","@id":"https:\/\/genuit.it\/en\/product\/line-ribbed-elegant-and-sophisticated-lighting\/#primaryimage","url":"https:\/\/genuit.it\/wp-content\/uploads\/2024\/02\/STILL-LIFE-LINE-RIBBED-50-SILVER-1.png","contentUrl":"https:\/\/genuit.it\/wp-content\/uploads\/2024\/02\/STILL-LIFE-LINE-RIBBED-50-SILVER-1.png","width":2560,"height":2560,"caption":"Line Ribbed \u00e8 un'illuminazione elegante e sofisticata, adatta a qualsiasi ambiente, dal pi\u00f9 industriale al pi\u00f9 classico, offrendo versatilit\u00e0 compositiva."},{"@type":"BreadcrumbList","@id":"https:\/\/genuit.it\/en\/product\/line-ribbed-elegant-and-sophisticated-lighting\/#breadcrumb","itemListElement":[{"@type":"ListItem","position":1,"name":"Home","item":"https:\/\/genuit.it\/en\/"},{"@type":"ListItem","position":2,"name":"Products","item":"https:\/\/genuit.it\/en\/products\/"},{"@type":"ListItem","position":3,"name":"Line Ribbed"}]},{"@type":"WebSite","@id":"https:\/\/genuit.it\/en\/#website","url":"https:\/\/genuit.it\/en\/","name":"Genuit","description":"Impianti elettrici completi a vista: design e qualit\u00e0 eccezionale","publisher":{"@id":"https:\/\/genuit.it\/en\/#organization"},"alternateName":"Genuit Srl","potentialAction":[{"@type":"SearchAction","target":{"@type":"EntryPoint","urlTemplate":"https:\/\/genuit.it\/en\/?s={search_term_string}"},"query-input":{"@type":"PropertyValueSpecification","valueRequired":true,"valueName":"search_term_string"}}],"inLanguage":"en-US"},{"@type":"Organization","@id":"https:\/\/genuit.it\/en\/#organization","name":"Genuit","alternateName":"Genuit Srl","url":"https:\/\/genuit.it\/en\/","logo":{"@type":"ImageObject","inLanguage":"en-US","@id":"https:\/\/genuit.it\/en\/#\/schema\/logo\/image\/","url":"https:\/\/genuit.it\/wp-content\/uploads\/2023\/10\/genD.svg","contentUrl":"https:\/\/genuit.it\/wp-content\/uploads\/2023\/10\/genD.svg","width":1842,"height":413,"caption":"Genuit"},"image":{"@id":"https:\/\/genuit.it\/en\/#\/schema\/logo\/image\/"},"sameAs":["https:\/\/www.instagram.com\/genuit_\/","https:\/\/www.linkedin.com\/company\/genuit-srl\/"]}]}},"_links":{"self":[{"href":"https:\/\/genuit.it\/en\/wp-json\/wp\/v2\/product\/8855","targetHints":{"allow":["GET"]}}],"collection":[{"href":"https:\/\/genuit.it\/en\/wp-json\/wp\/v2\/product"}],"about":[{"href":"https:\/\/genuit.it\/en\/wp-json\/wp\/v2\/types\/product"}],"wp:featuredmedia":[{"embeddable":true,"href":"https:\/\/genuit.it\/en\/wp-json\/wp\/v2\/media\/5381"}],"wp:attachment":[{"href":"https:\/\/genuit.it\/en\/wp-json\/wp\/v2\/media?parent=8855"}],"wp:term":[{"taxonomy":"product_brand","embeddable":true,"href":"https:\/\/genuit.it\/en\/wp-json\/wp\/v2\/product_brand?post=8855"},{"taxonomy":"product_cat","embeddable":true,"href":"https:\/\/genuit.it\/en\/wp-json\/wp\/v2\/product_cat?post=8855"},{"taxonomy":"product_tag","embeddable":true,"href":"https:\/\/genuit.it\/en\/wp-json\/wp\/v2\/product_tag?post=8855"}],"curies":[{"name":"wp","href":"https:\/\/api.w.org\/{rel}","templated":true}]}}